{"id":2179,"date":"2023-12-21T08:58:57","date_gmt":"2023-12-21T07:58:57","guid":{"rendered":"https:\/\/www.auto-evo.com\/it\/?page_id=2179"},"modified":"2026-01-21T10:30:08","modified_gmt":"2026-01-21T09:30:08","slug":"servis","status":"publish","type":"page","link":"https:\/\/www.tigerracing.be\/nl\/servis\/","title":{"rendered":"Wij zorgen voor uw TIGER"},"content":{"rendered":"\n<div class=\"wp-block-columns is-layout-flex wp-container-core-columns-is-layout-9d6595d7 wp-block-columns-is-layout-flex\">\n<div class=\"wp-block-column is-layout-flow wp-block-column-is-layout-flow\" style=\"flex-basis:100%\">\n<div class=\"wp-block-columns is-layout-flex wp-container-core-columns-is-layout-9d6595d7 wp-block-columns-is-layout-flex\">\n<div class=\"wp-block-column is-layout-flow wp-block-column-is-layout-flow\"><\/div>\n<\/div>\n<\/div>\n<\/div>\n\n\n\n<div class=\"wp-block-columns is-layout-flex wp-container-core-columns-is-layout-9d6595d7 wp-block-columns-is-layout-flex\">\n<div class=\"wp-block-column is-layout-flow wp-block-column-is-layout-flow\">\n<h2 class=\"wp-block-heading has-black-color has-text-color has-link-color wp-elements-0d6a1fbf091d3606710b93f40d894e70\"><strong>Reserveonderdelen<\/strong><\/h2>\n\n\n\n<p class=\"has-black-color has-text-color has-link-color wp-elements-e0c8043702fac21a15b0d113596839ae\">Originele TIGER-reserveonderdelen zijn ontworpen en geproduceerd om betrouwbaar te zijn en de prestaties van uw voertuig op lange termijn te behouden. Ze vormen de ideale oplossing voor het onderhoud van uw voertuig, omdat ze perfect aansluiten bij de technische specificaties van de originele productie. U kunt ze kopen bij alle erkende TIGER-servicecentra.<\/p>\n<\/div>\n\n\n\n<div class=\"wp-block-column is-layout-flow wp-block-column-is-layout-flow\">\n<h2 class=\"wp-block-heading has-black-color has-text-color has-link-color wp-elements-ae6780b4c3969a6012df7ff537f90b51\"><strong>Interview<\/strong><\/h2>\n\n\n\n<p class=\"has-black-color has-text-color has-link-color wp-elements-bec62c1b545a380e24bfcea93484517c\">TIGER garandeert dat elk nieuw voertuig volgens de hoogste fabrieksnormen is geproduceerd en v\u00f3\u00f3r levering grondig is ge\u00efnspecteerd. In geval van een productie- of materiaalfout tijdens de garantieperiode wordt het voertuig kosteloos gerepareerd bij een erkend TIGER-servicecentrum.<\/p>\n<\/div>\n<\/div>\n\n\n\n<pre class=\"wp-block-verse has-white-color has-text-color has-background has-link-color has-medium-font-size wp-elements-aa103c6ca9479ae717f6e2720c6990de\" style=\"background-color:#007638\">GARANTIE<\/pre>\n\n\n\n<h4 class=\"wp-block-heading\">100.000 kilometer of 5 jaar volledige garantie op reserveonderdelen en arbeidskosten bij erkende Tiger reparateurs.\u00a0<\/h4>\n\n\n\n<pre class=\"wp-block-verse has-white-color has-text-color has-background has-link-color has-medium-font-size wp-elements-004236b04e591767ee50f153030e9e19\" style=\"background-color:#007638\"><\/pre>\n\n\n\n<h4 class=\"wp-block-heading has-small-font-size\"><br><\/h4>\n\n\n\n<p><\/p>\n\n\n\n<p><\/p>\n\n\n\n<p><\/p>\n","protected":false},"excerpt":{"rendered":"<p>Reserveonderdelen Originele TIGER-reserveonderdelen zijn ontworpen en geproduceerd om betrouwbaar te zijn en de prestaties van uw voertuig op lange termijn te behouden. Ze vormen de ideale oplossing voor het onderhoud &#8230;<\/p>\n","protected":false},"author":1,"featured_media":6493,"parent":0,"menu_order":0,"comment_status":"closed","ping_status":"closed","template":"","meta":{"footnotes":""},"class_list":["post-2179","page","type-page","status-publish","has-post-thumbnail","hentry"],"_links":{"self":[{"href":"https:\/\/www.tigerracing.be\/nl\/wp-json\/wp\/v2\/pages\/2179","targetHints":{"allow":["GET"]}}],"collection":[{"href":"https:\/\/www.tigerracing.be\/nl\/wp-json\/wp\/v2\/pages"}],"about":[{"href":"https:\/\/www.tigerracing.be\/nl\/wp-json\/wp\/v2\/types\/page"}],"author":[{"embeddable":true,"href":"https:\/\/www.tigerracing.be\/nl\/wp-json\/wp\/v2\/users\/1"}],"replies":[{"embeddable":true,"href":"https:\/\/www.tigerracing.be\/nl\/wp-json\/wp\/v2\/comments?post=2179"}],"version-history":[{"count":35,"href":"https:\/\/www.tigerracing.be\/nl\/wp-json\/wp\/v2\/pages\/2179\/revisions"}],"predecessor-version":[{"id":6554,"href":"https:\/\/www.tigerracing.be\/nl\/wp-json\/wp\/v2\/pages\/2179\/revisions\/6554"}],"wp:featuredmedia":[{"embeddable":true,"href":"https:\/\/www.tigerracing.be\/nl\/wp-json\/wp\/v2\/media\/6493"}],"wp:attachment":[{"href":"https:\/\/www.tigerracing.be\/nl\/wp-json\/wp\/v2\/media?parent=2179"}],"curies":[{"name":"wp","href":"https:\/\/api.w.org\/{rel}","templated":true}]}}